{"id":25731,"date":"2022-06-16T07:33:06","date_gmt":"2022-06-16T07:33:06","guid":{"rendered":"https:\/\/www.tapaorbit.com\/?page_id=25731"},"modified":"2022-07-01T15:29:19","modified_gmt":"2022-07-01T15:29:19","slug":"condiciones-de-uso","status":"publish","type":"page","link":"https:\/\/www.tapaorbit.com\/en\/condiciones-de-uso\/","title":{"rendered":"Condiciones de uso"},"content":{"rendered":"<div data-elementor-type=\"wp-page\" data-elementor-id=\"25731\" class=\"elementor elementor-25731\" data-elementor-post-type=\"page\">\n\t\t\t\t\t\t<section class=\"elementor-section-with-custom-width elementor-section elementor-top-section elementor-element elementor-element-dcdc4a2 elementor-section-boxed elementor-section-height-default elementor-section-height-default sc_fly_static\" data-id=\"dcdc4a2\" data-element_type=\"section\" data-e-type=\"section\">\n\t\t\t\t\t\t<div class=\"elementor-container elementor-column-gap-extended\">\n\t\t\t\t\t<div class=\"elementor-column elementor-col-100 elementor-top-column elementor-element elementor-element-1d46c70e sc_content_align_inherit sc_layouts_column_icons_position_left sc_fly_static\" data-id=\"1d46c70e\" data-element_type=\"column\" data-e-type=\"column\">\n\t\t\t<div class=\"elementor-widget-wrap elementor-element-populated\">\n\t\t\t\t\t\t<div class=\"elementor-element elementor-element-7dcdc329 sc_fly_static elementor-widget elementor-widget-text-editor\" data-id=\"7dcdc329\" data-element_type=\"widget\" data-e-type=\"widget\" data-widget_type=\"text-editor.default\">\n\t\t\t\t<div class=\"elementor-widget-container\">\n\t\t\t\t\t\t\t\t\t&nbsp;\r\n<h3 class=\"p1\"><b>Condiciones de uso<\/b><\/h3>\r\n<p class=\"p2 loaded full-visible\">Estas condiciones de uso (\u00ab<b>Condiciones de uso<\/b>\u00bb), junto con nuestra Pol\u00edtica de privacidad, rigen el acceso y el uso de nuestro sitio web eviosys.com, as\u00ed como de los datos, informaci\u00f3n y servicios disponibles en este sitio web. Al acceder este sitio web, usted acepta someterse al cumplimiento de estas Condiciones de uso. Si no quiere aceptar estas Condiciones de uso, no deber\u00e1 acceder a nuestro sitio web.<\/p>\r\n<p class=\"p3 loaded full-visible\"><b>Uso leg\u00edtimo <\/b><\/p>\r\n<p class=\"p4 loaded full-visible\">El contenido de nuestro sitio web solo podr\u00e1 ser utilizado en el marco de la legislaci\u00f3n aplicable. En particular, se proh\u00edbe a terceros utilizar datos de contacto, como direcciones postales, n\u00fameros de tel\u00e9fono o fax, direcciones de correo electr\u00f3nico u otros datos similares publicados en el aviso legal, con el prop\u00f3sito de enviar informaci\u00f3n no solicitada. Titan Newco Switzerland GmbH se reserva expresamente el derecho a tomar medidas legales contra los remitentes de correo basura (<i>spam<\/i>).<\/p>\r\n\r\n<h3 class=\"p3\"><b>Responsabilidad<\/b><\/h3>\r\n<p class=\"p4 loaded full-visible\">La informaci\u00f3n puesta a su disposici\u00f3n en esta p\u00e1gina web por Titan Newco Switzerland GmbH ha sido recopilada con el m\u00e1ximo cuidado y se actualiza regularmente. No obstante, a pesar de la meticulosidad y el cuidado, no se puede garantizar que la informaci\u00f3n est\u00e9 libre de errores. Por tanto, Titan Newco Switzerland GmbH excluye cualquier responsabilidad en relaci\u00f3n con la exactitud, integridad o actualidad de la informaci\u00f3n proporcionada en este sitio web.<\/p>\r\n<p class=\"p4 loaded full-visible\">Lo anterior es de aplicaci\u00f3n tambi\u00e9n, y en particular, a los sitios web enlazados. Estos son sitios de terceros cuyo contenido escapa a nuestro control. Titan Newco Switzerland GmbH excluye expresamente cualquier responsabilidad por el contenido de esos sitios. Titan Newco Switzerland GmbH tampoco ser\u00e1 en modo alguno responsable de las medidas de precauci\u00f3n adoptadas por los operadores de esos sitios de terceros.<\/p>\r\n<p class=\"p4 loaded full-visible\">Si accede a un sitio de terceros desde nuestro sitio web (enlace externo), el proveedor del enlace externo podr\u00e1 recibir de su navegador informaci\u00f3n sobre cu\u00e1l ha sido el sitio web desde el que ha accedido y tambi\u00e9n procesar la direcci\u00f3n IP u otros datos personales. Sin la direcci\u00f3n IP u otros datos personales no podr\u00edan enviar el contenido al navegador del usuario. No obstante, nosotros no influimos en si los proveedores del enlace externo almacenan la direcci\u00f3n IP u otros datos personales (por ejemplo, con fines estad\u00edsticos) y no asumimos ninguna responsabilidad en relaci\u00f3n con tal almacenamiento y uso.<\/p>\r\n<p class=\"p5 loaded full-visible\">Si nuestras p\u00e1ginas de internet contuvieran declaraciones en relaci\u00f3n con posibles acontecimientos futuros, estas declaraciones se basan en las creencias y valoraciones de la direcci\u00f3n de Titan Newco Switzerland GmbH y, por tanto, comportan riesgo e incertidumbre. Titan Newco Switzerland GmbH no tiene ninguna obligaci\u00f3n de actualizar esas declaraciones a futuro. Excluimos expresamente cualquier responsabilidad por esas declaraciones.<\/p>\r\n\r\n<h3 class=\"p3\"><b>Copyright<\/b><\/h3>\r\n<p class=\"p4 loaded full-visible\">Todos los derechos reservados. El contenido de este sitio web, incluidas las im\u00e1genes y el dise\u00f1o, est\u00e1 protegido por derechos de autor y por otras leyes para la protecci\u00f3n de la propiedad intelectual. No est\u00e1 permitido difundir ni alterar el contenido de estas p\u00e1ginas web, incluidos <i>frames<\/i>, ni emplear medidas similares. Dicho contenido tampoco se podr\u00e1 copiar, difundir, alterar o poner a disposici\u00f3n de terceros con fines comerciales.<\/p>\r\n\r\n<h3 class=\"p3\"><b>Marcas comerciales<\/b><\/h3>\r\n<p class=\"p4 loaded full-visible\">Salvo que se indique otra cosa, todas las marcas comerciales utilizadas en las p\u00e1ginas de internet de Titan Newco Switzerland GmbH son marcas comerciales registradas protegidas por la ley. Esto es aplicable, sobre todo, a los logotipos corporativos y marcas identificativas.<\/p>\r\n\r\n<h3 class=\"p3\"><b>Derechos de licencia<\/b><\/h3>\r\n<p class=\"p4 loaded full-visible\">No est\u00e1 permitida la duplicaci\u00f3n, difusi\u00f3n, reproducci\u00f3n, transmisi\u00f3n o cualquier otro uso de la p\u00e1gina web o su contenido sin la autorizaci\u00f3n por escrito de Titan Newco Switzerland GmbH. En particular, el uso de la p\u00e1gina web no concede derechos de licencia sobre la propiedad intelectual de Titan Newco Switzerland GmbH.<\/p>\r\n\r\n<h3 class=\"p3\"><b>Derechos en documentos proporcionados<\/b><\/h3>\r\n<p class=\"p4 loaded full-visible\">Usted seguir\u00e1 siendo propietario de todos los derechos de propiedad sobre patentes, marcas comerciales y derechos de autor de sus documentos enviados a Titan Newco Switzerland GmbH, y tambi\u00e9n responsable de su protecci\u00f3n. Si proporciona documentos a Titan Newco Switzerland GmbH, otorga a Titan Newco Switzerland GmbH el derecho a utilizar esos documentos gratuitamente cumpliendo la legislaci\u00f3n v\u00e1lida y, en particular, la protecci\u00f3n de datos.<\/p>\r\n\r\n<h3 class=\"p3\"><b>Modificaciones del sitio web<\/b><\/h3>\r\n<p class=\"p6 loaded full-visible\"><span class=\"s1\">Titan Newco Switzerland GmbH se reserva el derecho a alterar o modificar en cualquier momento y sin previo aviso la informaci\u00f3n o los datos proporcionados en el sitio web. <\/span>Este derecho de modificaci\u00f3n tambi\u00e9n es aplicable a estas Condiciones de uso. Los cambios en estas Condiciones de uso no ser\u00e1n retroactivos, y ser\u00e1 la versi\u00f3n m\u00e1s reciente de esas condiciones, disponible en https:\/\/www.eviosys.com, la que rija nuestra relaci\u00f3n con usted. Si sigue accediendo o utilizando el sitio web despu\u00e9s de esas revisiones, usted acepta someterse al cumplimiento de las Condiciones de uso modificadas.<\/p>\r\n\r\n<h3 class=\"p3\"><b>Ley y jurisdicci\u00f3n aplicable<\/b><\/h3>\r\n<p class=\"p7 loaded full-visible\">Estas Condiciones de uso se rigen por las leyes de Suiza. Cualquier disputa derivada o relacionada con estas Condiciones de uso se someter\u00e1 a la jurisdicci\u00f3n exclusiva de los tribunales del domicilio social de Titan Newco Switzerland GmbH, salvo que sea obligatorio otro lugar de jurisdicci\u00f3n.<\/p>\r\n<p class=\"p6 loaded full-visible\">Las presentes Condiciones de uso se modificaron por \u00faltima vez el 1 de septiembre de 2021. Si tiene alguna pregunta sobre estas Condiciones de uso, escr\u00edbanos a <a href=\"mailto:privacy@eviosys.com\"><span class=\"s2\">privacy@eviosys.com<\/span><\/a>.<\/p>\t\t\t\t\t\t\t\t<\/div>\n\t\t\t\t<\/div>\n\t\t\t\t\t<\/div>\n\t\t<\/div>\n\t\t\t\t\t<\/div>\n\t\t<\/section>\n\t\t\t\t<\/div>","protected":false},"excerpt":{"rendered":"<p>&nbsp; Condiciones de uso Estas condiciones de uso (\u00abCondiciones de uso\u00bb), junto con nuestra Pol\u00edtica de privacidad, rigen el acceso y el uso de nuestro sitio web eviosys.com, as\u00ed como&hellip;<\/p>","protected":false},"author":12,"featured_media":0,"parent":0,"menu_order":0,"comment_status":"closed","ping_status":"closed","template":"","meta":{"_themeisle_gutenberg_block_has_review":false,"footnotes":""},"class_list":["post-25731","page","type-page","status-publish","hentry"],"yoast_head":"<!-- This site is optimized with the Yoast SEO plugin v27.4 - https:\/\/yoast.com\/product\/yoast-seo-wordpress\/ -->\n<title>Condiciones de uso - Orbit<\/title>\n<meta name=\"robots\" content=\"index, follow, max-snippet:-1, max-image-preview:large, max-video-preview:-1\" \/>\n<link rel=\"canonical\" href=\"https:\/\/www.tapaorbit.com\/en\/condiciones-de-uso\/\" \/>\n<meta property=\"og:locale\" content=\"en_US\" \/>\n<meta property=\"og:type\" content=\"article\" \/>\n<meta property=\"og:title\" content=\"Condiciones de uso - Orbit\" \/>\n<meta property=\"og:description\" content=\"&nbsp; Condiciones de uso Estas condiciones de uso (\u00abCondiciones de uso\u00bb), junto con nuestra Pol\u00edtica de privacidad, rigen el acceso y el uso de nuestro sitio web eviosys.com, as\u00ed como&hellip;\" \/>\n<meta property=\"og:url\" content=\"https:\/\/www.tapaorbit.com\/en\/condiciones-de-uso\/\" \/>\n<meta property=\"og:site_name\" content=\"Orbit\" \/>\n<meta property=\"article:modified_time\" content=\"2022-07-01T15:29:19+00:00\" \/>\n<meta name=\"twitter:card\" content=\"summary_large_image\" \/>\n<meta name=\"twitter:label1\" content=\"Est. reading time\" \/>\n\t<meta name=\"twitter:data1\" content=\"5 minutes\" \/>\n<script type=\"application\/ld+json\" class=\"yoast-schema-graph\">{\"@context\":\"https:\\\/\\\/schema.org\",\"@graph\":[{\"@type\":\"WebPage\",\"@id\":\"https:\\\/\\\/www.tapaorbit.com\\\/condiciones-de-uso\\\/\",\"url\":\"https:\\\/\\\/www.tapaorbit.com\\\/condiciones-de-uso\\\/\",\"name\":\"Condiciones de uso - Orbit\",\"isPartOf\":{\"@id\":\"https:\\\/\\\/www.tapaorbit.com\\\/#website\"},\"datePublished\":\"2022-06-16T07:33:06+00:00\",\"dateModified\":\"2022-07-01T15:29:19+00:00\",\"breadcrumb\":{\"@id\":\"https:\\\/\\\/www.tapaorbit.com\\\/condiciones-de-uso\\\/#breadcrumb\"},\"inLanguage\":\"en-US\",\"potentialAction\":[{\"@type\":\"ReadAction\",\"target\":[\"https:\\\/\\\/www.tapaorbit.com\\\/condiciones-de-uso\\\/\"]}]},{\"@type\":\"BreadcrumbList\",\"@id\":\"https:\\\/\\\/www.tapaorbit.com\\\/condiciones-de-uso\\\/#breadcrumb\",\"itemListElement\":[{\"@type\":\"ListItem\",\"position\":1,\"name\":\"Home\",\"item\":\"https:\\\/\\\/www.tapaorbit.com\\\/\"},{\"@type\":\"ListItem\",\"position\":2,\"name\":\"Condiciones de uso\"}]},{\"@type\":\"WebSite\",\"@id\":\"https:\\\/\\\/www.tapaorbit.com\\\/#website\",\"url\":\"https:\\\/\\\/www.tapaorbit.com\\\/\",\"name\":\"Orbit\",\"description\":\"Simply Easier Opening\",\"publisher\":{\"@id\":\"https:\\\/\\\/www.tapaorbit.com\\\/#organization\"},\"potentialAction\":[{\"@type\":\"SearchAction\",\"target\":{\"@type\":\"EntryPoint\",\"urlTemplate\":\"https:\\\/\\\/www.tapaorbit.com\\\/?s={search_term_string}\"},\"query-input\":{\"@type\":\"PropertyValueSpecification\",\"valueRequired\":true,\"valueName\":\"search_term_string\"}}],\"inLanguage\":\"en-US\"},{\"@type\":\"Organization\",\"@id\":\"https:\\\/\\\/www.tapaorbit.com\\\/#organization\",\"name\":\"Orbit\",\"url\":\"https:\\\/\\\/www.tapaorbit.com\\\/\",\"logo\":{\"@type\":\"ImageObject\",\"inLanguage\":\"en-US\",\"@id\":\"https:\\\/\\\/www.tapaorbit.com\\\/#\\\/schema\\\/logo\\\/image\\\/\",\"url\":\"https:\\\/\\\/www.tapaorbit.com\\\/wp-content\\\/uploads\\\/2022\\\/06\\\/cropped-Logo_Orbit-removebg-preview.png\",\"contentUrl\":\"https:\\\/\\\/www.tapaorbit.com\\\/wp-content\\\/uploads\\\/2022\\\/06\\\/cropped-Logo_Orbit-removebg-preview.png\",\"width\":864,\"height\":289,\"caption\":\"Orbit\"},\"image\":{\"@id\":\"https:\\\/\\\/www.tapaorbit.com\\\/#\\\/schema\\\/logo\\\/image\\\/\"}}]}<\/script>\n<!-- \/ Yoast SEO plugin. -->","yoast_head_json":{"title":"Condiciones de uso - Orbit","robots":{"index":"index","follow":"follow","max-snippet":"max-snippet:-1","max-image-preview":"max-image-preview:large","max-video-preview":"max-video-preview:-1"},"canonical":"https:\/\/www.tapaorbit.com\/en\/condiciones-de-uso\/","og_locale":"en_US","og_type":"article","og_title":"Condiciones de uso - Orbit","og_description":"&nbsp; Condiciones de uso Estas condiciones de uso (\u00abCondiciones de uso\u00bb), junto con nuestra Pol\u00edtica de privacidad, rigen el acceso y el uso de nuestro sitio web eviosys.com, as\u00ed como&hellip;","og_url":"https:\/\/www.tapaorbit.com\/en\/condiciones-de-uso\/","og_site_name":"Orbit","article_modified_time":"2022-07-01T15:29:19+00:00","twitter_card":"summary_large_image","twitter_misc":{"Est. reading time":"5 minutes"},"schema":{"@context":"https:\/\/schema.org","@graph":[{"@type":"WebPage","@id":"https:\/\/www.tapaorbit.com\/condiciones-de-uso\/","url":"https:\/\/www.tapaorbit.com\/condiciones-de-uso\/","name":"Condiciones de uso - Orbit","isPartOf":{"@id":"https:\/\/www.tapaorbit.com\/#website"},"datePublished":"2022-06-16T07:33:06+00:00","dateModified":"2022-07-01T15:29:19+00:00","breadcrumb":{"@id":"https:\/\/www.tapaorbit.com\/condiciones-de-uso\/#breadcrumb"},"inLanguage":"en-US","potentialAction":[{"@type":"ReadAction","target":["https:\/\/www.tapaorbit.com\/condiciones-de-uso\/"]}]},{"@type":"BreadcrumbList","@id":"https:\/\/www.tapaorbit.com\/condiciones-de-uso\/#breadcrumb","itemListElement":[{"@type":"ListItem","position":1,"name":"Home","item":"https:\/\/www.tapaorbit.com\/"},{"@type":"ListItem","position":2,"name":"Condiciones de uso"}]},{"@type":"WebSite","@id":"https:\/\/www.tapaorbit.com\/#website","url":"https:\/\/www.tapaorbit.com\/","name":"Orbit","description":"Simply Easier Opening","publisher":{"@id":"https:\/\/www.tapaorbit.com\/#organization"},"potentialAction":[{"@type":"SearchAction","target":{"@type":"EntryPoint","urlTemplate":"https:\/\/www.tapaorbit.com\/?s={search_term_string}"},"query-input":{"@type":"PropertyValueSpecification","valueRequired":true,"valueName":"search_term_string"}}],"inLanguage":"en-US"},{"@type":"Organization","@id":"https:\/\/www.tapaorbit.com\/#organization","name":"Orbit","url":"https:\/\/www.tapaorbit.com\/","logo":{"@type":"ImageObject","inLanguage":"en-US","@id":"https:\/\/www.tapaorbit.com\/#\/schema\/logo\/image\/","url":"https:\/\/www.tapaorbit.com\/wp-content\/uploads\/2022\/06\/cropped-Logo_Orbit-removebg-preview.png","contentUrl":"https:\/\/www.tapaorbit.com\/wp-content\/uploads\/2022\/06\/cropped-Logo_Orbit-removebg-preview.png","width":864,"height":289,"caption":"Orbit"},"image":{"@id":"https:\/\/www.tapaorbit.com\/#\/schema\/logo\/image\/"}}]}},"_links":{"self":[{"href":"https:\/\/www.tapaorbit.com\/en\/wp-json\/wp\/v2\/pages\/25731","targetHints":{"allow":["GET"]}}],"collection":[{"href":"https:\/\/www.tapaorbit.com\/en\/wp-json\/wp\/v2\/pages"}],"about":[{"href":"https:\/\/www.tapaorbit.com\/en\/wp-json\/wp\/v2\/types\/page"}],"author":[{"embeddable":true,"href":"https:\/\/www.tapaorbit.com\/en\/wp-json\/wp\/v2\/users\/12"}],"replies":[{"embeddable":true,"href":"https:\/\/www.tapaorbit.com\/en\/wp-json\/wp\/v2\/comments?post=25731"}],"version-history":[{"count":0,"href":"https:\/\/www.tapaorbit.com\/en\/wp-json\/wp\/v2\/pages\/25731\/revisions"}],"wp:attachment":[{"href":"https:\/\/www.tapaorbit.com\/en\/wp-json\/wp\/v2\/media?parent=25731"}],"curies":[{"name":"wp","href":"https:\/\/api.w.org\/{rel}","templated":true}]}}